{"id":52459,"date":"2025-09-30T11:16:44","date_gmt":"2025-09-30T11:16:44","guid":{"rendered":"https:\/\/osuszaczegryfice.pl\/?post_type=product&#038;p=52459"},"modified":"2025-12-27T18:40:49","modified_gmt":"2025-12-27T18:40:49","slug":"dh-752","status":"publish","type":"product","link":"https:\/\/osuszaczegryfice.pl\/?product=dh-752","title":{"rendered":"DH 752 MASTER OSUSZACZ PROFESJONALNY"},"content":{"rendered":"<h1 class=\"OXQzmM uvtEMb\" data-hook=\"product-title\">DH 752 MASTER OSUSZACZ PROFESJONALNY<\/h1>\n<p><strong>Profesjonalny osuszacz kondensacyjny MASTER<\/strong>\u00a0<strong>DH752\u00a0<\/strong>jest urz\u0105dzeniem wysokowydajnym! Metalowa obudowa oraz trwa\u0142a konstrukcj\u0119 sprawia, i\u017c idealnie sprawdza si\u0119 on w trudnych warunkach (np. w budownictwie). Jest jednym z najbardziej wydajnych urz\u0105dze\u0144 z serii COMPACT, w okre\u015blonych warunkach mo\u017ce odprowadzi\u0107\u00a0<strong>nawet 45,6 l. na dob\u0119.<\/strong><br \/>\nOsuszacz mo\u017ce by\u0107 u\u017cywany w trybie pracy ci\u0105g\u0142ej, opr\u00f3cz\u00a0<strong>zbiornik<\/strong>a o pojemno\u015bci\u00a0<strong>5,7\u00a0l.,<\/strong>\u00a0posiada mo\u017cliwo\u015b\u0107 odprowadzania kondensatu bezpo\u015brednio do kanalizacji. Du\u017ce ko\u0142a u\u0142atwiaj\u0105 transport urz\u0105dzenia<\/p>\n","protected":false},"excerpt":{"rendered":"<h1 class=\"OXQzmM uvtEMb\" data-hook=\"product-title\">DH 752 MASTER OSUSZACZ PROFESJONALNY<\/h1>\n<p><strong>Profesjonalny osuszacz kondensacyjny MASTER<\/strong>\u00a0<strong>DH752\u00a0<\/strong>jest urz\u0105dzeniem wysokowydajnym! Metalowa obudowa oraz trwa\u0142a konstrukcj\u0119 sprawia, i\u017c idealnie sprawdza si\u0119 on w trudnych warunkach (np. w budownictwie). Jest jednym z najbardziej wydajnych urz\u0105dze\u0144 z serii COMPACT, w okre\u015blonych warunkach mo\u017ce odprowadzi\u0107\u00a0<strong>nawet 45,6 l. na dob\u0119.<\/strong><br \/>\nOsuszacz mo\u017ce by\u0107 u\u017cywany w trybie pracy ci\u0105g\u0142ej, opr\u00f3cz\u00a0<strong>zbiornik<\/strong>a o pojemno\u015bci\u00a0<strong>5,7\u00a0l.,<\/strong>\u00a0posiada mo\u017cliwo\u015b\u0107 odprowadzania kondensatu bezpo\u015brednio do kanalizacji. Du\u017ce ko\u0142a u\u0142atwiaj\u0105 transport urz\u0105dzenia<\/p>\n","protected":false},"featured_media":52568,"template":"","meta":[],"product_cat":[18,147],"product_tag":[],"yoast_head":"<!-- This site is optimized with the Yoast SEO plugin v22.9 - https:\/\/yoast.com\/wordpress\/plugins\/seo\/ -->\n<title>DH752 MASTER OSUSZACZ Gryfice<\/title>\n<meta name=\"description\" content=\"DH752 MASTER OSUSZACZ Gryfice ! Ten osuszacz kondensacyjny jest urz\u0105dzeniem wysokowydajnym, w okre\u015blonych warunkach mo\u017ce odprowadzi\u0107\u00a0nawet 45,6 l.\/24h\" \/>\n<meta name=\"robots\" content=\"index, follow, max-snippet:-1, max-image-preview:large, max-video-preview:-1\" \/>\n<link rel=\"canonical\" href=\"https:\/\/osuszaczegryfice.pl\/?product=dh-752\" \/>\n<meta property=\"og:locale\" content=\"pl_PL\" \/>\n<meta property=\"og:type\" content=\"article\" \/>\n<meta property=\"og:title\" content=\"DH752 MASTER OSUSZACZ Gryfice\" \/>\n<meta property=\"og:description\" content=\"DH752 MASTER OSUSZACZ Gryfice ! Ten osuszacz kondensacyjny jest urz\u0105dzeniem wysokowydajnym, w okre\u015blonych warunkach mo\u017ce odprowadzi\u0107\u00a0nawet 45,6 l.\/24h\" \/>\n<meta property=\"og:url\" content=\"https:\/\/osuszaczegryfice.pl\/?product=dh-752\" \/>\n<meta property=\"og:site_name\" content=\"Osuszacze Powietrza Gryfice Wypo\u017cyczalnia\" \/>\n<meta property=\"article:publisher\" content=\"https:\/\/www.facebook.com\/osuszacze.gryfice\" \/>\n<meta property=\"article:modified_time\" content=\"2025-12-27T18:40:49+00:00\" \/>\n<meta property=\"og:image\" content=\"https:\/\/osuszaczegryfice.pl\/wp-content\/uploads\/2025\/09\/dh752.jpg\" \/>\n\t<meta property=\"og:image:width\" content=\"600\" \/>\n\t<meta property=\"og:image:height\" content=\"600\" \/>\n\t<meta property=\"og:image:type\" content=\"image\/jpeg\" \/>\n<meta name=\"twitter:card\" content=\"summary_large_image\" \/>\n<meta name=\"twitter:label1\" content=\"Szacowany czas czytania\" \/>\n\t<meta name=\"twitter:data1\" content=\"1 minuta\" \/>\n<script type=\"application\/ld+json\" class=\"yoast-schema-graph\">{\"@context\":\"https:\/\/schema.org\",\"@graph\":[{\"@type\":\"WebPage\",\"@id\":\"https:\/\/osuszaczegryfice.pl\/?product=dh-752\",\"url\":\"https:\/\/osuszaczegryfice.pl\/?product=dh-752\",\"name\":\"DH752 MASTER OSUSZACZ Gryfice\",\"isPartOf\":{\"@id\":\"https:\/\/osuszaczegryfice.pl\/#website\"},\"primaryImageOfPage\":{\"@id\":\"https:\/\/osuszaczegryfice.pl\/?product=dh-752#primaryimage\"},\"image\":{\"@id\":\"https:\/\/osuszaczegryfice.pl\/?product=dh-752#primaryimage\"},\"thumbnailUrl\":\"https:\/\/osuszaczegryfice.pl\/wp-content\/uploads\/2025\/09\/dh752.jpg\",\"datePublished\":\"2025-09-30T11:16:44+00:00\",\"dateModified\":\"2025-12-27T18:40:49+00:00\",\"description\":\"DH752 MASTER OSUSZACZ Gryfice ! Ten osuszacz kondensacyjny jest urz\u0105dzeniem wysokowydajnym, w okre\u015blonych warunkach mo\u017ce odprowadzi\u0107\u00a0nawet 45,6 l.\/24h\",\"breadcrumb\":{\"@id\":\"https:\/\/osuszaczegryfice.pl\/?product=dh-752#breadcrumb\"},\"inLanguage\":\"pl-PL\",\"potentialAction\":[{\"@type\":\"ReadAction\",\"target\":[\"https:\/\/osuszaczegryfice.pl\/?product=dh-752\"]}]},{\"@type\":\"ImageObject\",\"inLanguage\":\"pl-PL\",\"@id\":\"https:\/\/osuszaczegryfice.pl\/?product=dh-752#primaryimage\",\"url\":\"https:\/\/osuszaczegryfice.pl\/wp-content\/uploads\/2025\/09\/dh752.jpg\",\"contentUrl\":\"https:\/\/osuszaczegryfice.pl\/wp-content\/uploads\/2025\/09\/dh752.jpg\",\"width\":600,\"height\":600,\"caption\":\"DH752 Osuszacze Gryfice\"},{\"@type\":\"BreadcrumbList\",\"@id\":\"https:\/\/osuszaczegryfice.pl\/?product=dh-752#breadcrumb\",\"itemListElement\":[{\"@type\":\"ListItem\",\"position\":1,\"name\":\"Strona g\u0142\u00f3wna\",\"item\":\"https:\/\/osuszaczegryfice.pl\/\"},{\"@type\":\"ListItem\",\"position\":2,\"name\":\"OFERTA WYPO\u017bYCZALNI\",\"item\":\"https:\/\/osuszaczegryfice.pl\/?page_id=51172\"},{\"@type\":\"ListItem\",\"position\":3,\"name\":\"DH 752 MASTER OSUSZACZ PROFESJONALNY\"}]},{\"@type\":\"WebSite\",\"@id\":\"https:\/\/osuszaczegryfice.pl\/#website\",\"url\":\"https:\/\/osuszaczegryfice.pl\/\",\"name\":\"Wypo\u017cyczalnia Osuszaczy Powietrza Gryfice\",\"description\":\"1\",\"publisher\":{\"@id\":\"https:\/\/osuszaczegryfice.pl\/#organization\"},\"alternateName\":\"Wypo\u017cyczalnia Poch\u0142aniaczy Wilgoci Gryfice\",\"potentialAction\":[{\"@type\":\"SearchAction\",\"target\":{\"@type\":\"EntryPoint\",\"urlTemplate\":\"https:\/\/osuszaczegryfice.pl\/?s={search_term_string}\"},\"query-input\":\"required name=search_term_string\"}],\"inLanguage\":\"pl-PL\"},{\"@type\":\"Organization\",\"@id\":\"https:\/\/osuszaczegryfice.pl\/#organization\",\"name\":\"Osuszacze Powietrza Gryfice Wypo\u017cyczalnia\",\"url\":\"https:\/\/osuszaczegryfice.pl\/\",\"logo\":{\"@type\":\"ImageObject\",\"inLanguage\":\"pl-PL\",\"@id\":\"https:\/\/osuszaczegryfice.pl\/#\/schema\/logo\/image\/\",\"url\":\"https:\/\/osuszaczegryfice.pl\/wp-content\/uploads\/2024\/04\/favPN.png\",\"contentUrl\":\"https:\/\/osuszaczegryfice.pl\/wp-content\/uploads\/2024\/04\/favPN.png\",\"width\":512,\"height\":512,\"caption\":\"Osuszacze Powietrza Gryfice Wypo\u017cyczalnia\"},\"image\":{\"@id\":\"https:\/\/osuszaczegryfice.pl\/#\/schema\/logo\/image\/\"},\"sameAs\":[\"https:\/\/www.facebook.com\/osuszacze.gryfice\"]}]}<\/script>\n<!-- \/ Yoast SEO plugin. -->","yoast_head_json":{"title":"DH752 MASTER OSUSZACZ Gryfice","description":"DH752 MASTER OSUSZACZ Gryfice ! Ten osuszacz kondensacyjny jest urz\u0105dzeniem wysokowydajnym, w okre\u015blonych warunkach mo\u017ce odprowadzi\u0107\u00a0nawet 45,6 l.\/24h","robots":{"index":"index","follow":"follow","max-snippet":"max-snippet:-1","max-image-preview":"max-image-preview:large","max-video-preview":"max-video-preview:-1"},"canonical":"https:\/\/osuszaczegryfice.pl\/?product=dh-752","og_locale":"pl_PL","og_type":"article","og_title":"DH752 MASTER OSUSZACZ Gryfice","og_description":"DH752 MASTER OSUSZACZ Gryfice ! Ten osuszacz kondensacyjny jest urz\u0105dzeniem wysokowydajnym, w okre\u015blonych warunkach mo\u017ce odprowadzi\u0107\u00a0nawet 45,6 l.\/24h","og_url":"https:\/\/osuszaczegryfice.pl\/?product=dh-752","og_site_name":"Osuszacze Powietrza Gryfice Wypo\u017cyczalnia","article_publisher":"https:\/\/www.facebook.com\/osuszacze.gryfice","article_modified_time":"2025-12-27T18:40:49+00:00","og_image":[{"width":600,"height":600,"url":"https:\/\/osuszaczegryfice.pl\/wp-content\/uploads\/2025\/09\/dh752.jpg","type":"image\/jpeg"}],"twitter_card":"summary_large_image","twitter_misc":{"Szacowany czas czytania":"1 minuta"},"schema":{"@context":"https:\/\/schema.org","@graph":[{"@type":"WebPage","@id":"https:\/\/osuszaczegryfice.pl\/?product=dh-752","url":"https:\/\/osuszaczegryfice.pl\/?product=dh-752","name":"DH752 MASTER OSUSZACZ Gryfice","isPartOf":{"@id":"https:\/\/osuszaczegryfice.pl\/#website"},"primaryImageOfPage":{"@id":"https:\/\/osuszaczegryfice.pl\/?product=dh-752#primaryimage"},"image":{"@id":"https:\/\/osuszaczegryfice.pl\/?product=dh-752#primaryimage"},"thumbnailUrl":"https:\/\/osuszaczegryfice.pl\/wp-content\/uploads\/2025\/09\/dh752.jpg","datePublished":"2025-09-30T11:16:44+00:00","dateModified":"2025-12-27T18:40:49+00:00","description":"DH752 MASTER OSUSZACZ Gryfice ! Ten osuszacz kondensacyjny jest urz\u0105dzeniem wysokowydajnym, w okre\u015blonych warunkach mo\u017ce odprowadzi\u0107\u00a0nawet 45,6 l.\/24h","breadcrumb":{"@id":"https:\/\/osuszaczegryfice.pl\/?product=dh-752#breadcrumb"},"inLanguage":"pl-PL","potentialAction":[{"@type":"ReadAction","target":["https:\/\/osuszaczegryfice.pl\/?product=dh-752"]}]},{"@type":"ImageObject","inLanguage":"pl-PL","@id":"https:\/\/osuszaczegryfice.pl\/?product=dh-752#primaryimage","url":"https:\/\/osuszaczegryfice.pl\/wp-content\/uploads\/2025\/09\/dh752.jpg","contentUrl":"https:\/\/osuszaczegryfice.pl\/wp-content\/uploads\/2025\/09\/dh752.jpg","width":600,"height":600,"caption":"DH752 Osuszacze Gryfice"},{"@type":"BreadcrumbList","@id":"https:\/\/osuszaczegryfice.pl\/?product=dh-752#breadcrumb","itemListElement":[{"@type":"ListItem","position":1,"name":"Strona g\u0142\u00f3wna","item":"https:\/\/osuszaczegryfice.pl\/"},{"@type":"ListItem","position":2,"name":"OFERTA WYPO\u017bYCZALNI","item":"https:\/\/osuszaczegryfice.pl\/?page_id=51172"},{"@type":"ListItem","position":3,"name":"DH 752 MASTER OSUSZACZ PROFESJONALNY"}]},{"@type":"WebSite","@id":"https:\/\/osuszaczegryfice.pl\/#website","url":"https:\/\/osuszaczegryfice.pl\/","name":"Wypo\u017cyczalnia Osuszaczy Powietrza Gryfice","description":"1","publisher":{"@id":"https:\/\/osuszaczegryfice.pl\/#organization"},"alternateName":"Wypo\u017cyczalnia Poch\u0142aniaczy Wilgoci Gryfice","potentialAction":[{"@type":"SearchAction","target":{"@type":"EntryPoint","urlTemplate":"https:\/\/osuszaczegryfice.pl\/?s={search_term_string}"},"query-input":"required name=search_term_string"}],"inLanguage":"pl-PL"},{"@type":"Organization","@id":"https:\/\/osuszaczegryfice.pl\/#organization","name":"Osuszacze Powietrza Gryfice Wypo\u017cyczalnia","url":"https:\/\/osuszaczegryfice.pl\/","logo":{"@type":"ImageObject","inLanguage":"pl-PL","@id":"https:\/\/osuszaczegryfice.pl\/#\/schema\/logo\/image\/","url":"https:\/\/osuszaczegryfice.pl\/wp-content\/uploads\/2024\/04\/favPN.png","contentUrl":"https:\/\/osuszaczegryfice.pl\/wp-content\/uploads\/2024\/04\/favPN.png","width":512,"height":512,"caption":"Osuszacze Powietrza Gryfice Wypo\u017cyczalnia"},"image":{"@id":"https:\/\/osuszaczegryfice.pl\/#\/schema\/logo\/image\/"},"sameAs":["https:\/\/www.facebook.com\/osuszacze.gryfice"]}]}},"jetpack_sharing_enabled":true,"_links":{"self":[{"href":"https:\/\/osuszaczegryfice.pl\/index.php?rest_route=\/wp\/v2\/product\/52459"}],"collection":[{"href":"https:\/\/osuszaczegryfice.pl\/index.php?rest_route=\/wp\/v2\/product"}],"about":[{"href":"https:\/\/osuszaczegryfice.pl\/index.php?rest_route=\/wp\/v2\/types\/product"}],"version-history":[{"count":4,"href":"https:\/\/osuszaczegryfice.pl\/index.php?rest_route=\/wp\/v2\/product\/52459\/revisions"}],"predecessor-version":[{"id":52463,"href":"https:\/\/osuszaczegryfice.pl\/index.php?rest_route=\/wp\/v2\/product\/52459\/revisions\/52463"}],"wp:featuredmedia":[{"embeddable":true,"href":"https:\/\/osuszaczegryfice.pl\/index.php?rest_route=\/wp\/v2\/media\/52568"}],"wp:attachment":[{"href":"https:\/\/osuszaczegryfice.pl\/index.php?rest_route=%2Fwp%2Fv2%2Fmedia&parent=52459"}],"wp:term":[{"taxonomy":"product_cat","embeddable":true,"href":"https:\/\/osuszaczegryfice.pl\/index.php?rest_route=%2Fwp%2Fv2%2Fproduct_cat&post=52459"},{"taxonomy":"product_tag","embeddable":true,"href":"https:\/\/osuszaczegryfice.pl\/index.php?rest_route=%2Fwp%2Fv2%2Fproduct_tag&post=52459"}],"curies":[{"name":"wp","href":"https:\/\/api.w.org\/{rel}","templated":true}]}}