{"id":52389,"date":"2025-06-30T12:07:57","date_gmt":"2025-06-30T12:07:57","guid":{"rendered":"https:\/\/osuszaczegryfice.pl\/?post_type=product&#038;p=52389"},"modified":"2026-01-03T18:35:57","modified_gmt":"2026-01-03T18:35:57","slug":"nagrzewnica_spalinowa_30kw","status":"publish","type":"product","link":"https:\/\/osuszaczegryfice.pl\/?product=nagrzewnica_spalinowa_30kw","title":{"rendered":"NAGRZEWNICA SPALINOWA (DIESEL) 30KW"},"content":{"rendered":"<div class=\"QfrfFD cell\">\n<h1 class=\"OXQzmM uvtEMb\" data-hook=\"product-title\">NAGRZEWNICA SPALINOWA (DIESEL) 30KW<\/h1>\n<\/div>\n<div class=\"QfrfFD cell\">\n<div data-hook=\"details-placeholder\"><\/div>\n<\/div>\n<div class=\"a86_tM QfrfFD cell\">\n<section class=\"Va_ZoC\" data-hook=\"description-wrapper\">\n<div class=\"LvOu6J\">\n<div class=\"vaI0UH\" data-hook=\"content-wrapper\">\n<p>Bezpo\u015brednia nagrzewnica olejowa IDE 30 D z wbudowanym bakiem \u2013 wyj\u0105tkowo ekonomiczne rozwi\u0105zanie ogrzewania olejowego.<\/p>\n<p>Nadaje si\u0119 idealnie do stosowania na zewn\u0105trz. Zastosowanie zewn\u0119trzne, do ogrzewania zewn\u0119trznych plac\u00f3w budowy, obszar\u00f3w rolniczych lub w dobrze wentylowanych pomieszczeniach zamkni\u0119tych, poniewa\u017c dostarczaj\u0105 one ca\u0142e ciep\u0142o.<\/p>\n<p>Urz\u0105dzenie zosta\u0142o wyposa\u017cone mi\u0119dzy innymi w:<\/p>\n<ul class=\"text-greyscale-60 text-sml sm:text-2sml pt-4 sm:pt-6 border-t border-dotted pt-6\">\n<li class=\"mt-1 sm:mt-2 relative pl-6 sm:pl-8\">zintegrowany zbiornik paliwa z wska\u017anikiem poziomu,<\/li>\n<li class=\"mt-1 sm:mt-2 relative pl-6 sm:pl-8\">elektroniczne zabezpieczenie przed p\u0142omieniem,<\/li>\n<li class=\"mt-1 sm:mt-2 relative pl-6 sm:pl-8\">ochron\u0119 przed przegrzaniem,<\/li>\n<li class=\"mt-1 sm:mt-2 relative pl-6 sm:pl-8\">zintegrowany termostat,<\/li>\n<li class=\"mt-1 sm:mt-2 relative pl-6 sm:pl-8\">podwozie z ko\u0142ami do prostych przemieszcze\u0144.<\/li>\n<\/ul>\n<p>&nbsp;<\/p>\n<\/div>\n<\/div>\n<\/section>\n<\/div>\n","protected":false},"excerpt":{"rendered":"<div class=\"QfrfFD cell\">\n<h1 class=\"OXQzmM uvtEMb\" data-hook=\"product-title\">NAGRZEWNICA SPALINOWA (DIESEL) 30KW<\/h1>\n<\/div>\n<div class=\"QfrfFD cell\">\n<div data-hook=\"details-placeholder\"><\/div>\n<\/div>\n<div class=\"a86_tM QfrfFD cell\">\n<section class=\"Va_ZoC\" data-hook=\"description-wrapper\">\n<div class=\"LvOu6J\">\n<div class=\"vaI0UH\" data-hook=\"content-wrapper\">\n<p>Bezpo\u015brednia nagrzewnica olejowa IDE 30 D z wbudowanym bakiem \u2013 wyj\u0105tkowo ekonomiczne rozwi\u0105zanie ogrzewania olejowego.<\/p>\n<p>Nadaje si\u0119 idealnie do stosowania na zewn\u0105trz. Zastosowanie zewn\u0119trzne, do ogrzewania zewn\u0119trznych plac\u00f3w budowy, obszar\u00f3w rolniczych lub w dobrze wentylowanych pomieszczeniach zamkni\u0119tych, poniewa\u017c dostarczaj\u0105 one ca\u0142e ciep\u0142o.<\/p>\n<p>Urz\u0105dzenie zosta\u0142o wyposa\u017cone mi\u0119dzy innymi w:<\/p>\n<ul class=\"text-greyscale-60 text-sml sm:text-2sml pt-4 sm:pt-6 border-t border-dotted pt-6\">\n<li class=\"mt-1 sm:mt-2 relative pl-6 sm:pl-8\">zintegrowany zbiornik paliwa z wska\u017anikiem poziomu,<\/li>\n<li class=\"mt-1 sm:mt-2 relative pl-6 sm:pl-8\">elektroniczne zabezpieczenie przed p\u0142omieniem,<\/li>\n<li class=\"mt-1 sm:mt-2 relative pl-6 sm:pl-8\">ochron\u0119 przed przegrzaniem,<\/li>\n<li class=\"mt-1 sm:mt-2 relative pl-6 sm:pl-8\">zintegrowany termostat,<\/li>\n<li class=\"mt-1 sm:mt-2 relative pl-6 sm:pl-8\">podwozie z ko\u0142ami do prostych przemieszcze\u0144.<\/li>\n<\/ul>\n<p>&nbsp;<\/p>\n<\/div>\n<\/div>\n<\/section>\n<\/div>\n","protected":false},"featured_media":52648,"template":"","meta":[],"product_cat":[18,150],"product_tag":[],"yoast_head":"<!-- This site is optimized with the Yoast SEO plugin v22.9 - https:\/\/yoast.com\/wordpress\/plugins\/seo\/ -->\n<title>NAGRZEWNICA SPALINOWA Wypo\u017cyczalnia Gryfice<\/title>\n<meta name=\"description\" content=\"NAGRZEWNICA SPALINOWA (DIESEL) 30KW. Wypo\u017cyczalnia osuszaczy powietrza (poch\u0142aniaczy wilgoci), nagrzewnic, wentylator\u00f3w, wypo\u017cyczalnia sprz\u0119tu Gryfice\" \/>\n<meta name=\"robots\" content=\"index, follow, max-snippet:-1, max-image-preview:large, max-video-preview:-1\" \/>\n<link rel=\"canonical\" href=\"https:\/\/osuszaczegryfice.pl\/?product=nagrzewnica_spalinowa_30kw\" \/>\n<meta property=\"og:locale\" content=\"pl_PL\" \/>\n<meta property=\"og:type\" content=\"article\" \/>\n<meta property=\"og:title\" content=\"NAGRZEWNICA SPALINOWA Wypo\u017cyczalnia Gryfice\" \/>\n<meta property=\"og:description\" content=\"NAGRZEWNICA SPALINOWA (DIESEL) 30KW. Wypo\u017cyczalnia osuszaczy powietrza (poch\u0142aniaczy wilgoci), nagrzewnic, wentylator\u00f3w, wypo\u017cyczalnia sprz\u0119tu Gryfice\" \/>\n<meta property=\"og:url\" content=\"https:\/\/osuszaczegryfice.pl\/?product=nagrzewnica_spalinowa_30kw\" \/>\n<meta property=\"og:site_name\" content=\"Osuszacze Powietrza Gryfice Wypo\u017cyczalnia\" \/>\n<meta property=\"article:publisher\" content=\"https:\/\/www.facebook.com\/osuszacze.gryfice\" \/>\n<meta property=\"article:modified_time\" content=\"2026-01-03T18:35:57+00:00\" \/>\n<meta property=\"og:image\" content=\"https:\/\/osuszaczegryfice.pl\/wp-content\/uploads\/2025\/06\/ide30.jpg\" \/>\n\t<meta property=\"og:image:width\" content=\"600\" \/>\n\t<meta property=\"og:image:height\" content=\"600\" \/>\n\t<meta property=\"og:image:type\" content=\"image\/jpeg\" \/>\n<meta name=\"twitter:card\" content=\"summary_large_image\" \/>\n<meta name=\"twitter:label1\" content=\"Szacowany czas czytania\" \/>\n\t<meta name=\"twitter:data1\" content=\"1 minuta\" \/>\n<script type=\"application\/ld+json\" class=\"yoast-schema-graph\">{\"@context\":\"https:\/\/schema.org\",\"@graph\":[{\"@type\":\"WebPage\",\"@id\":\"https:\/\/osuszaczegryfice.pl\/?product=nagrzewnica_spalinowa_30kw\",\"url\":\"https:\/\/osuszaczegryfice.pl\/?product=nagrzewnica_spalinowa_30kw\",\"name\":\"NAGRZEWNICA SPALINOWA Wypo\u017cyczalnia Gryfice\",\"isPartOf\":{\"@id\":\"https:\/\/osuszaczegryfice.pl\/#website\"},\"primaryImageOfPage\":{\"@id\":\"https:\/\/osuszaczegryfice.pl\/?product=nagrzewnica_spalinowa_30kw#primaryimage\"},\"image\":{\"@id\":\"https:\/\/osuszaczegryfice.pl\/?product=nagrzewnica_spalinowa_30kw#primaryimage\"},\"thumbnailUrl\":\"https:\/\/osuszaczegryfice.pl\/wp-content\/uploads\/2025\/06\/ide30.jpg\",\"datePublished\":\"2025-06-30T12:07:57+00:00\",\"dateModified\":\"2026-01-03T18:35:57+00:00\",\"description\":\"NAGRZEWNICA SPALINOWA (DIESEL) 30KW. Wypo\u017cyczalnia osuszaczy powietrza (poch\u0142aniaczy wilgoci), nagrzewnic, wentylator\u00f3w, wypo\u017cyczalnia sprz\u0119tu Gryfice\",\"breadcrumb\":{\"@id\":\"https:\/\/osuszaczegryfice.pl\/?product=nagrzewnica_spalinowa_30kw#breadcrumb\"},\"inLanguage\":\"pl-PL\",\"potentialAction\":[{\"@type\":\"ReadAction\",\"target\":[\"https:\/\/osuszaczegryfice.pl\/?product=nagrzewnica_spalinowa_30kw\"]}]},{\"@type\":\"ImageObject\",\"inLanguage\":\"pl-PL\",\"@id\":\"https:\/\/osuszaczegryfice.pl\/?product=nagrzewnica_spalinowa_30kw#primaryimage\",\"url\":\"https:\/\/osuszaczegryfice.pl\/wp-content\/uploads\/2025\/06\/ide30.jpg\",\"contentUrl\":\"https:\/\/osuszaczegryfice.pl\/wp-content\/uploads\/2025\/06\/ide30.jpg\",\"width\":600,\"height\":600,\"caption\":\"nagrzewnica spalinowa wypo\u017cyczalnia Gryfice\"},{\"@type\":\"BreadcrumbList\",\"@id\":\"https:\/\/osuszaczegryfice.pl\/?product=nagrzewnica_spalinowa_30kw#breadcrumb\",\"itemListElement\":[{\"@type\":\"ListItem\",\"position\":1,\"name\":\"Strona g\u0142\u00f3wna\",\"item\":\"https:\/\/osuszaczegryfice.pl\/\"},{\"@type\":\"ListItem\",\"position\":2,\"name\":\"OFERTA WYPO\u017bYCZALNI\",\"item\":\"https:\/\/osuszaczegryfice.pl\/?page_id=51172\"},{\"@type\":\"ListItem\",\"position\":3,\"name\":\"NAGRZEWNICA SPALINOWA (DIESEL) 30KW\"}]},{\"@type\":\"WebSite\",\"@id\":\"https:\/\/osuszaczegryfice.pl\/#website\",\"url\":\"https:\/\/osuszaczegryfice.pl\/\",\"name\":\"Wypo\u017cyczalnia Osuszaczy Powietrza Gryfice\",\"description\":\"1\",\"publisher\":{\"@id\":\"https:\/\/osuszaczegryfice.pl\/#organization\"},\"alternateName\":\"Wypo\u017cyczalnia Poch\u0142aniaczy Wilgoci Gryfice\",\"potentialAction\":[{\"@type\":\"SearchAction\",\"target\":{\"@type\":\"EntryPoint\",\"urlTemplate\":\"https:\/\/osuszaczegryfice.pl\/?s={search_term_string}\"},\"query-input\":\"required name=search_term_string\"}],\"inLanguage\":\"pl-PL\"},{\"@type\":\"Organization\",\"@id\":\"https:\/\/osuszaczegryfice.pl\/#organization\",\"name\":\"Osuszacze Powietrza Gryfice Wypo\u017cyczalnia\",\"url\":\"https:\/\/osuszaczegryfice.pl\/\",\"logo\":{\"@type\":\"ImageObject\",\"inLanguage\":\"pl-PL\",\"@id\":\"https:\/\/osuszaczegryfice.pl\/#\/schema\/logo\/image\/\",\"url\":\"https:\/\/osuszaczegryfice.pl\/wp-content\/uploads\/2024\/04\/favPN.png\",\"contentUrl\":\"https:\/\/osuszaczegryfice.pl\/wp-content\/uploads\/2024\/04\/favPN.png\",\"width\":512,\"height\":512,\"caption\":\"Osuszacze Powietrza Gryfice Wypo\u017cyczalnia\"},\"image\":{\"@id\":\"https:\/\/osuszaczegryfice.pl\/#\/schema\/logo\/image\/\"},\"sameAs\":[\"https:\/\/www.facebook.com\/osuszacze.gryfice\"]}]}<\/script>\n<!-- \/ Yoast SEO plugin. -->","yoast_head_json":{"title":"NAGRZEWNICA SPALINOWA Wypo\u017cyczalnia Gryfice","description":"NAGRZEWNICA SPALINOWA (DIESEL) 30KW. Wypo\u017cyczalnia osuszaczy powietrza (poch\u0142aniaczy wilgoci), nagrzewnic, wentylator\u00f3w, wypo\u017cyczalnia sprz\u0119tu Gryfice","robots":{"index":"index","follow":"follow","max-snippet":"max-snippet:-1","max-image-preview":"max-image-preview:large","max-video-preview":"max-video-preview:-1"},"canonical":"https:\/\/osuszaczegryfice.pl\/?product=nagrzewnica_spalinowa_30kw","og_locale":"pl_PL","og_type":"article","og_title":"NAGRZEWNICA SPALINOWA Wypo\u017cyczalnia Gryfice","og_description":"NAGRZEWNICA SPALINOWA (DIESEL) 30KW. Wypo\u017cyczalnia osuszaczy powietrza (poch\u0142aniaczy wilgoci), nagrzewnic, wentylator\u00f3w, wypo\u017cyczalnia sprz\u0119tu Gryfice","og_url":"https:\/\/osuszaczegryfice.pl\/?product=nagrzewnica_spalinowa_30kw","og_site_name":"Osuszacze Powietrza Gryfice Wypo\u017cyczalnia","article_publisher":"https:\/\/www.facebook.com\/osuszacze.gryfice","article_modified_time":"2026-01-03T18:35:57+00:00","og_image":[{"width":600,"height":600,"url":"https:\/\/osuszaczegryfice.pl\/wp-content\/uploads\/2025\/06\/ide30.jpg","type":"image\/jpeg"}],"twitter_card":"summary_large_image","twitter_misc":{"Szacowany czas czytania":"1 minuta"},"schema":{"@context":"https:\/\/schema.org","@graph":[{"@type":"WebPage","@id":"https:\/\/osuszaczegryfice.pl\/?product=nagrzewnica_spalinowa_30kw","url":"https:\/\/osuszaczegryfice.pl\/?product=nagrzewnica_spalinowa_30kw","name":"NAGRZEWNICA SPALINOWA Wypo\u017cyczalnia Gryfice","isPartOf":{"@id":"https:\/\/osuszaczegryfice.pl\/#website"},"primaryImageOfPage":{"@id":"https:\/\/osuszaczegryfice.pl\/?product=nagrzewnica_spalinowa_30kw#primaryimage"},"image":{"@id":"https:\/\/osuszaczegryfice.pl\/?product=nagrzewnica_spalinowa_30kw#primaryimage"},"thumbnailUrl":"https:\/\/osuszaczegryfice.pl\/wp-content\/uploads\/2025\/06\/ide30.jpg","datePublished":"2025-06-30T12:07:57+00:00","dateModified":"2026-01-03T18:35:57+00:00","description":"NAGRZEWNICA SPALINOWA (DIESEL) 30KW. Wypo\u017cyczalnia osuszaczy powietrza (poch\u0142aniaczy wilgoci), nagrzewnic, wentylator\u00f3w, wypo\u017cyczalnia sprz\u0119tu Gryfice","breadcrumb":{"@id":"https:\/\/osuszaczegryfice.pl\/?product=nagrzewnica_spalinowa_30kw#breadcrumb"},"inLanguage":"pl-PL","potentialAction":[{"@type":"ReadAction","target":["https:\/\/osuszaczegryfice.pl\/?product=nagrzewnica_spalinowa_30kw"]}]},{"@type":"ImageObject","inLanguage":"pl-PL","@id":"https:\/\/osuszaczegryfice.pl\/?product=nagrzewnica_spalinowa_30kw#primaryimage","url":"https:\/\/osuszaczegryfice.pl\/wp-content\/uploads\/2025\/06\/ide30.jpg","contentUrl":"https:\/\/osuszaczegryfice.pl\/wp-content\/uploads\/2025\/06\/ide30.jpg","width":600,"height":600,"caption":"nagrzewnica spalinowa wypo\u017cyczalnia Gryfice"},{"@type":"BreadcrumbList","@id":"https:\/\/osuszaczegryfice.pl\/?product=nagrzewnica_spalinowa_30kw#breadcrumb","itemListElement":[{"@type":"ListItem","position":1,"name":"Strona g\u0142\u00f3wna","item":"https:\/\/osuszaczegryfice.pl\/"},{"@type":"ListItem","position":2,"name":"OFERTA WYPO\u017bYCZALNI","item":"https:\/\/osuszaczegryfice.pl\/?page_id=51172"},{"@type":"ListItem","position":3,"name":"NAGRZEWNICA SPALINOWA (DIESEL) 30KW"}]},{"@type":"WebSite","@id":"https:\/\/osuszaczegryfice.pl\/#website","url":"https:\/\/osuszaczegryfice.pl\/","name":"Wypo\u017cyczalnia Osuszaczy Powietrza Gryfice","description":"1","publisher":{"@id":"https:\/\/osuszaczegryfice.pl\/#organization"},"alternateName":"Wypo\u017cyczalnia Poch\u0142aniaczy Wilgoci Gryfice","potentialAction":[{"@type":"SearchAction","target":{"@type":"EntryPoint","urlTemplate":"https:\/\/osuszaczegryfice.pl\/?s={search_term_string}"},"query-input":"required name=search_term_string"}],"inLanguage":"pl-PL"},{"@type":"Organization","@id":"https:\/\/osuszaczegryfice.pl\/#organization","name":"Osuszacze Powietrza Gryfice Wypo\u017cyczalnia","url":"https:\/\/osuszaczegryfice.pl\/","logo":{"@type":"ImageObject","inLanguage":"pl-PL","@id":"https:\/\/osuszaczegryfice.pl\/#\/schema\/logo\/image\/","url":"https:\/\/osuszaczegryfice.pl\/wp-content\/uploads\/2024\/04\/favPN.png","contentUrl":"https:\/\/osuszaczegryfice.pl\/wp-content\/uploads\/2024\/04\/favPN.png","width":512,"height":512,"caption":"Osuszacze Powietrza Gryfice Wypo\u017cyczalnia"},"image":{"@id":"https:\/\/osuszaczegryfice.pl\/#\/schema\/logo\/image\/"},"sameAs":["https:\/\/www.facebook.com\/osuszacze.gryfice"]}]}},"jetpack_sharing_enabled":true,"_links":{"self":[{"href":"https:\/\/osuszaczegryfice.pl\/index.php?rest_route=\/wp\/v2\/product\/52389"}],"collection":[{"href":"https:\/\/osuszaczegryfice.pl\/index.php?rest_route=\/wp\/v2\/product"}],"about":[{"href":"https:\/\/osuszaczegryfice.pl\/index.php?rest_route=\/wp\/v2\/types\/product"}],"version-history":[{"count":6,"href":"https:\/\/osuszaczegryfice.pl\/index.php?rest_route=\/wp\/v2\/product\/52389\/revisions"}],"predecessor-version":[{"id":52652,"href":"https:\/\/osuszaczegryfice.pl\/index.php?rest_route=\/wp\/v2\/product\/52389\/revisions\/52652"}],"wp:featuredmedia":[{"embeddable":true,"href":"https:\/\/osuszaczegryfice.pl\/index.php?rest_route=\/wp\/v2\/media\/52648"}],"wp:attachment":[{"href":"https:\/\/osuszaczegryfice.pl\/index.php?rest_route=%2Fwp%2Fv2%2Fmedia&parent=52389"}],"wp:term":[{"taxonomy":"product_cat","embeddable":true,"href":"https:\/\/osuszaczegryfice.pl\/index.php?rest_route=%2Fwp%2Fv2%2Fproduct_cat&post=52389"},{"taxonomy":"product_tag","embeddable":true,"href":"https:\/\/osuszaczegryfice.pl\/index.php?rest_route=%2Fwp%2Fv2%2Fproduct_tag&post=52389"}],"curies":[{"name":"wp","href":"https:\/\/api.w.org\/{rel}","templated":true}]}}