{"id":51769,"date":"2024-05-23T12:50:25","date_gmt":"2024-05-23T12:50:25","guid":{"rendered":"https:\/\/osuszaczegryfice.pl\/?post_type=product&#038;p=51769"},"modified":"2026-01-09T14:11:37","modified_gmt":"2026-01-09T14:11:37","slug":"pompa_wodna","status":"publish","type":"product","link":"https:\/\/osuszaczegryfice.pl\/?product=pompa_wodna","title":{"rendered":"POMPA WODNA"},"content":{"rendered":"<p><strong>Pompa wodna STIHL WP 600<\/strong> jest uniwersalne, wytrzyma\u0142e urz\u0105dzenie pomocne przy przepompowywaniu wi\u0119kszych ilo\u015bci wody. W rolnictwie mo\u017cna za jej pomoc\u0105 pobra\u0107 wod\u0119 z w\u00f3d powierzchniowych takich jak jeziora, rzeki, rowy lub stawy do nawadniania upraw. Mo\u017cna r\u00f3wnie\u017c usun\u0105\u0107 niepo\u017c\u0105dane nagromadzenia wody.<\/p>\n<p>W\u0119\u017ce do otwor\u00f3w wlewowych i wylotowych pod\u0142\u0105cza si\u0119 za pomoc\u0105 3-calowych przy\u0142\u0105czy. Podczas zasysania wody, pomp\u0119 chroni przed cz\u0105stkami zanieczyszcze\u0144 zintegrowany filtr. Zasysane cz\u0105stki mog\u0105 mie\u0107 maksymaln\u0105 wielko\u015b\u0107 ziarna do 6 mm W\u00f3wczas ryzyko zatkania pompy jest bardzo niskie. Przy pobieraniu wody z w\u00f3d powierzchniowych, nale\u017cy przestrzega\u0107 lokalnych przepis\u00f3w w tej kwestii,<\/p>\n<p>W komplecie w\u0105\u017c ci\u015bnieniowy 20 m oraz ss\u0105cy 3 m.<\/p>\n","protected":false},"excerpt":{"rendered":"<p><strong>Pompa wodna STIHL WP 600<\/strong>\u00a0to uniwersalne, wytrzyma\u0142e urz\u0105dzenie pomocne przy przepompowywaniu wi\u0119kszych ilo\u015bci wody. W rolnictwie mo\u017cna za jej pomoc\u0105 pobra\u0107 wod\u0119 z w\u00f3d powierzchniowych takich jak jeziora, rzeki, rowy lub stawy do nawadniania upraw. Mo\u017cna r\u00f3wnie\u017c usun\u0105\u0107 niepo\u017c\u0105dane nagromadzenia wody.<\/p>\n<p>Pod\u0142\u0105czenie w\u0119\u017cy do otwor\u00f3w wlewowych i wylotowych odbywa si\u0119 za pomoc\u0105 3-calowych przy\u0142\u0105czy. Podczas zasysania wody, pompa STIHL WP 600 jest chroniona przed cz\u0105stkami zanieczyszcze\u0144 znajduj\u0105cymi si\u0119 w wodzie za pomoc\u0105 filtra. Zasysane cz\u0105stki mog\u0105 mie\u0107 maksymaln\u0105 wielko\u015b\u0107 ziarna do 6 mm, wtedy ryzyko zatkania pompy jest bardzo niskie. Gdy woda jest pobierana z w\u00f3d powierzchniowych, nale\u017cy przestrzega\u0107 lokalnych przepis\u00f3w w tej kwestii,<\/p>\n<p>W komplecie w\u0105\u017c ci\u015bnieniowy 20 m oraz ss\u0105cy 3 m.<\/p>\n","protected":false},"featured_media":52790,"template":"","meta":[],"product_cat":[18,332],"product_tag":[],"yoast_head":"<!-- This site is optimized with the Yoast SEO plugin v22.9 - https:\/\/yoast.com\/wordpress\/plugins\/seo\/ -->\n<title>Pompa Wodna Wypo\u017cyczalnia Gryfice<\/title>\n<meta name=\"description\" content=\"Pompa Wodna Wypo\u017cyczalnia Gryfice! Wypo\u017cyczalnia Narz\u0119dzi Gryfice! Oferujemy sprz\u0119t budowlany, narz\u0119dzia, ogrodniczy, rekreacyjny, przyczepki samochodowe!\" \/>\n<meta name=\"robots\" content=\"index, follow, max-snippet:-1, max-image-preview:large, max-video-preview:-1\" \/>\n<link rel=\"canonical\" href=\"https:\/\/osuszaczegryfice.pl\/?product=pompa_wodna\" \/>\n<meta property=\"og:locale\" content=\"pl_PL\" \/>\n<meta property=\"og:type\" content=\"article\" \/>\n<meta property=\"og:title\" content=\"Pompa Wodna Wypo\u017cyczalnia Gryfice\" \/>\n<meta property=\"og:description\" content=\"Pompa Wodna Wypo\u017cyczalnia Gryfice! Wypo\u017cyczalnia Narz\u0119dzi Gryfice! Oferujemy sprz\u0119t budowlany, narz\u0119dzia, ogrodniczy, rekreacyjny, przyczepki samochodowe!\" \/>\n<meta property=\"og:url\" content=\"https:\/\/osuszaczegryfice.pl\/?product=pompa_wodna\" \/>\n<meta property=\"og:site_name\" content=\"Osuszacze Powietrza Gryfice Wypo\u017cyczalnia\" \/>\n<meta property=\"article:publisher\" content=\"https:\/\/www.facebook.com\/osuszacze.gryfice\" \/>\n<meta property=\"article:modified_time\" content=\"2026-01-09T14:11:37+00:00\" \/>\n<meta property=\"og:image\" content=\"https:\/\/osuszaczegryfice.pl\/wp-content\/uploads\/2024\/05\/pompa-wp-600-stihl-kod-vb040112000.jpg\" \/>\n\t<meta property=\"og:image:width\" content=\"600\" \/>\n\t<meta property=\"og:image:height\" content=\"600\" \/>\n\t<meta property=\"og:image:type\" content=\"image\/jpeg\" \/>\n<meta name=\"twitter:card\" content=\"summary_large_image\" \/>\n<meta name=\"twitter:label1\" content=\"Szacowany czas czytania\" \/>\n\t<meta name=\"twitter:data1\" content=\"1 minuta\" \/>\n<script type=\"application\/ld+json\" class=\"yoast-schema-graph\">{\"@context\":\"https:\/\/schema.org\",\"@graph\":[{\"@type\":\"WebPage\",\"@id\":\"https:\/\/osuszaczegryfice.pl\/?product=pompa_wodna\",\"url\":\"https:\/\/osuszaczegryfice.pl\/?product=pompa_wodna\",\"name\":\"Pompa Wodna Wypo\u017cyczalnia Gryfice\",\"isPartOf\":{\"@id\":\"https:\/\/osuszaczegryfice.pl\/#website\"},\"primaryImageOfPage\":{\"@id\":\"https:\/\/osuszaczegryfice.pl\/?product=pompa_wodna#primaryimage\"},\"image\":{\"@id\":\"https:\/\/osuszaczegryfice.pl\/?product=pompa_wodna#primaryimage\"},\"thumbnailUrl\":\"https:\/\/osuszaczegryfice.pl\/wp-content\/uploads\/2024\/05\/pompa-wp-600-stihl-kod-vb040112000.jpg\",\"datePublished\":\"2024-05-23T12:50:25+00:00\",\"dateModified\":\"2026-01-09T14:11:37+00:00\",\"description\":\"Pompa Wodna Wypo\u017cyczalnia Gryfice! Wypo\u017cyczalnia Narz\u0119dzi Gryfice! Oferujemy sprz\u0119t budowlany, narz\u0119dzia, ogrodniczy, rekreacyjny, przyczepki samochodowe!\",\"breadcrumb\":{\"@id\":\"https:\/\/osuszaczegryfice.pl\/?product=pompa_wodna#breadcrumb\"},\"inLanguage\":\"pl-PL\",\"potentialAction\":[{\"@type\":\"ReadAction\",\"target\":[\"https:\/\/osuszaczegryfice.pl\/?product=pompa_wodna\"]}]},{\"@type\":\"ImageObject\",\"inLanguage\":\"pl-PL\",\"@id\":\"https:\/\/osuszaczegryfice.pl\/?product=pompa_wodna#primaryimage\",\"url\":\"https:\/\/osuszaczegryfice.pl\/wp-content\/uploads\/2024\/05\/pompa-wp-600-stihl-kod-vb040112000.jpg\",\"contentUrl\":\"https:\/\/osuszaczegryfice.pl\/wp-content\/uploads\/2024\/05\/pompa-wp-600-stihl-kod-vb040112000.jpg\",\"width\":600,\"height\":600,\"caption\":\"pompa wody Stihl Wypo\u017cyczalnia Gryfice\"},{\"@type\":\"BreadcrumbList\",\"@id\":\"https:\/\/osuszaczegryfice.pl\/?product=pompa_wodna#breadcrumb\",\"itemListElement\":[{\"@type\":\"ListItem\",\"position\":1,\"name\":\"Strona g\u0142\u00f3wna\",\"item\":\"https:\/\/osuszaczegryfice.pl\/\"},{\"@type\":\"ListItem\",\"position\":2,\"name\":\"OFERTA WYPO\u017bYCZALNI\",\"item\":\"https:\/\/osuszaczegryfice.pl\/?page_id=51172\"},{\"@type\":\"ListItem\",\"position\":3,\"name\":\"POMPA WODNA\"}]},{\"@type\":\"WebSite\",\"@id\":\"https:\/\/osuszaczegryfice.pl\/#website\",\"url\":\"https:\/\/osuszaczegryfice.pl\/\",\"name\":\"Wypo\u017cyczalnia Osuszaczy Powietrza Gryfice\",\"description\":\"1\",\"publisher\":{\"@id\":\"https:\/\/osuszaczegryfice.pl\/#organization\"},\"alternateName\":\"Wypo\u017cyczalnia Poch\u0142aniaczy Wilgoci Gryfice\",\"potentialAction\":[{\"@type\":\"SearchAction\",\"target\":{\"@type\":\"EntryPoint\",\"urlTemplate\":\"https:\/\/osuszaczegryfice.pl\/?s={search_term_string}\"},\"query-input\":\"required name=search_term_string\"}],\"inLanguage\":\"pl-PL\"},{\"@type\":\"Organization\",\"@id\":\"https:\/\/osuszaczegryfice.pl\/#organization\",\"name\":\"Osuszacze Powietrza Gryfice Wypo\u017cyczalnia\",\"url\":\"https:\/\/osuszaczegryfice.pl\/\",\"logo\":{\"@type\":\"ImageObject\",\"inLanguage\":\"pl-PL\",\"@id\":\"https:\/\/osuszaczegryfice.pl\/#\/schema\/logo\/image\/\",\"url\":\"https:\/\/osuszaczegryfice.pl\/wp-content\/uploads\/2024\/04\/favPN.png\",\"contentUrl\":\"https:\/\/osuszaczegryfice.pl\/wp-content\/uploads\/2024\/04\/favPN.png\",\"width\":512,\"height\":512,\"caption\":\"Osuszacze Powietrza Gryfice Wypo\u017cyczalnia\"},\"image\":{\"@id\":\"https:\/\/osuszaczegryfice.pl\/#\/schema\/logo\/image\/\"},\"sameAs\":[\"https:\/\/www.facebook.com\/osuszacze.gryfice\"]}]}<\/script>\n<!-- \/ Yoast SEO plugin. -->","yoast_head_json":{"title":"Pompa Wodna Wypo\u017cyczalnia Gryfice","description":"Pompa Wodna Wypo\u017cyczalnia Gryfice! Wypo\u017cyczalnia Narz\u0119dzi Gryfice! Oferujemy sprz\u0119t budowlany, narz\u0119dzia, ogrodniczy, rekreacyjny, przyczepki samochodowe!","robots":{"index":"index","follow":"follow","max-snippet":"max-snippet:-1","max-image-preview":"max-image-preview:large","max-video-preview":"max-video-preview:-1"},"canonical":"https:\/\/osuszaczegryfice.pl\/?product=pompa_wodna","og_locale":"pl_PL","og_type":"article","og_title":"Pompa Wodna Wypo\u017cyczalnia Gryfice","og_description":"Pompa Wodna Wypo\u017cyczalnia Gryfice! Wypo\u017cyczalnia Narz\u0119dzi Gryfice! Oferujemy sprz\u0119t budowlany, narz\u0119dzia, ogrodniczy, rekreacyjny, przyczepki samochodowe!","og_url":"https:\/\/osuszaczegryfice.pl\/?product=pompa_wodna","og_site_name":"Osuszacze Powietrza Gryfice Wypo\u017cyczalnia","article_publisher":"https:\/\/www.facebook.com\/osuszacze.gryfice","article_modified_time":"2026-01-09T14:11:37+00:00","og_image":[{"width":600,"height":600,"url":"https:\/\/osuszaczegryfice.pl\/wp-content\/uploads\/2024\/05\/pompa-wp-600-stihl-kod-vb040112000.jpg","type":"image\/jpeg"}],"twitter_card":"summary_large_image","twitter_misc":{"Szacowany czas czytania":"1 minuta"},"schema":{"@context":"https:\/\/schema.org","@graph":[{"@type":"WebPage","@id":"https:\/\/osuszaczegryfice.pl\/?product=pompa_wodna","url":"https:\/\/osuszaczegryfice.pl\/?product=pompa_wodna","name":"Pompa Wodna Wypo\u017cyczalnia Gryfice","isPartOf":{"@id":"https:\/\/osuszaczegryfice.pl\/#website"},"primaryImageOfPage":{"@id":"https:\/\/osuszaczegryfice.pl\/?product=pompa_wodna#primaryimage"},"image":{"@id":"https:\/\/osuszaczegryfice.pl\/?product=pompa_wodna#primaryimage"},"thumbnailUrl":"https:\/\/osuszaczegryfice.pl\/wp-content\/uploads\/2024\/05\/pompa-wp-600-stihl-kod-vb040112000.jpg","datePublished":"2024-05-23T12:50:25+00:00","dateModified":"2026-01-09T14:11:37+00:00","description":"Pompa Wodna Wypo\u017cyczalnia Gryfice! Wypo\u017cyczalnia Narz\u0119dzi Gryfice! Oferujemy sprz\u0119t budowlany, narz\u0119dzia, ogrodniczy, rekreacyjny, przyczepki samochodowe!","breadcrumb":{"@id":"https:\/\/osuszaczegryfice.pl\/?product=pompa_wodna#breadcrumb"},"inLanguage":"pl-PL","potentialAction":[{"@type":"ReadAction","target":["https:\/\/osuszaczegryfice.pl\/?product=pompa_wodna"]}]},{"@type":"ImageObject","inLanguage":"pl-PL","@id":"https:\/\/osuszaczegryfice.pl\/?product=pompa_wodna#primaryimage","url":"https:\/\/osuszaczegryfice.pl\/wp-content\/uploads\/2024\/05\/pompa-wp-600-stihl-kod-vb040112000.jpg","contentUrl":"https:\/\/osuszaczegryfice.pl\/wp-content\/uploads\/2024\/05\/pompa-wp-600-stihl-kod-vb040112000.jpg","width":600,"height":600,"caption":"pompa wody Stihl Wypo\u017cyczalnia Gryfice"},{"@type":"BreadcrumbList","@id":"https:\/\/osuszaczegryfice.pl\/?product=pompa_wodna#breadcrumb","itemListElement":[{"@type":"ListItem","position":1,"name":"Strona g\u0142\u00f3wna","item":"https:\/\/osuszaczegryfice.pl\/"},{"@type":"ListItem","position":2,"name":"OFERTA WYPO\u017bYCZALNI","item":"https:\/\/osuszaczegryfice.pl\/?page_id=51172"},{"@type":"ListItem","position":3,"name":"POMPA WODNA"}]},{"@type":"WebSite","@id":"https:\/\/osuszaczegryfice.pl\/#website","url":"https:\/\/osuszaczegryfice.pl\/","name":"Wypo\u017cyczalnia Osuszaczy Powietrza Gryfice","description":"1","publisher":{"@id":"https:\/\/osuszaczegryfice.pl\/#organization"},"alternateName":"Wypo\u017cyczalnia Poch\u0142aniaczy Wilgoci Gryfice","potentialAction":[{"@type":"SearchAction","target":{"@type":"EntryPoint","urlTemplate":"https:\/\/osuszaczegryfice.pl\/?s={search_term_string}"},"query-input":"required name=search_term_string"}],"inLanguage":"pl-PL"},{"@type":"Organization","@id":"https:\/\/osuszaczegryfice.pl\/#organization","name":"Osuszacze Powietrza Gryfice Wypo\u017cyczalnia","url":"https:\/\/osuszaczegryfice.pl\/","logo":{"@type":"ImageObject","inLanguage":"pl-PL","@id":"https:\/\/osuszaczegryfice.pl\/#\/schema\/logo\/image\/","url":"https:\/\/osuszaczegryfice.pl\/wp-content\/uploads\/2024\/04\/favPN.png","contentUrl":"https:\/\/osuszaczegryfice.pl\/wp-content\/uploads\/2024\/04\/favPN.png","width":512,"height":512,"caption":"Osuszacze Powietrza Gryfice Wypo\u017cyczalnia"},"image":{"@id":"https:\/\/osuszaczegryfice.pl\/#\/schema\/logo\/image\/"},"sameAs":["https:\/\/www.facebook.com\/osuszacze.gryfice"]}]}},"jetpack_sharing_enabled":true,"_links":{"self":[{"href":"https:\/\/osuszaczegryfice.pl\/index.php?rest_route=\/wp\/v2\/product\/51769"}],"collection":[{"href":"https:\/\/osuszaczegryfice.pl\/index.php?rest_route=\/wp\/v2\/product"}],"about":[{"href":"https:\/\/osuszaczegryfice.pl\/index.php?rest_route=\/wp\/v2\/types\/product"}],"version-history":[{"count":2,"href":"https:\/\/osuszaczegryfice.pl\/index.php?rest_route=\/wp\/v2\/product\/51769\/revisions"}],"predecessor-version":[{"id":52433,"href":"https:\/\/osuszaczegryfice.pl\/index.php?rest_route=\/wp\/v2\/product\/51769\/revisions\/52433"}],"wp:featuredmedia":[{"embeddable":true,"href":"https:\/\/osuszaczegryfice.pl\/index.php?rest_route=\/wp\/v2\/media\/52790"}],"wp:attachment":[{"href":"https:\/\/osuszaczegryfice.pl\/index.php?rest_route=%2Fwp%2Fv2%2Fmedia&parent=51769"}],"wp:term":[{"taxonomy":"product_cat","embeddable":true,"href":"https:\/\/osuszaczegryfice.pl\/index.php?rest_route=%2Fwp%2Fv2%2Fproduct_cat&post=51769"},{"taxonomy":"product_tag","embeddable":true,"href":"https:\/\/osuszaczegryfice.pl\/index.php?rest_route=%2Fwp%2Fv2%2Fproduct_tag&post=51769"}],"curies":[{"name":"wp","href":"https:\/\/api.w.org\/{rel}","templated":true}]}}